{"id":993,"date":"2025-08-13T13:15:48","date_gmt":"2025-08-13T11:15:48","guid":{"rendered":"https:\/\/lisbethhald.dk\/?page_id=993"},"modified":"2025-08-13T13:15:49","modified_gmt":"2025-08-13T11:15:49","slug":"vilkaar-etik","status":"publish","type":"page","link":"https:\/\/lisbethhald.dk\/?page_id=993","title":{"rendered":"Vilk\u00e5r &amp; etik"},"content":{"rendered":"<p>[et_pb_section fb_built=&#8221;1&#8243; _builder_version=&#8221;4.27.4&#8243; _module_preset=&#8221;default&#8221; global_colors_info=&#8221;{}&#8221;][et_pb_row _builder_version=&#8221;4.27.4&#8243; _module_preset=&#8221;default&#8221; global_colors_info=&#8221;{}&#8221;][et_pb_column type=&#8221;4_4&#8243; _builder_version=&#8221;4.27.4&#8243; _module_preset=&#8221;default&#8221; global_colors_info=&#8221;{}&#8221;][et_pb_heading title=&#8221;Vilk\u00e5r og etik&#8221; _builder_version=&#8221;4.27.4&#8243; _module_preset=&#8221;default&#8221; hover_enabled=&#8221;0&#8243; sticky_enabled=&#8221;0&#8243;][\/et_pb_heading][et_pb_text _builder_version=&#8221;4.27.4&#8243; _module_preset=&#8221;default&#8221; hover_enabled=&#8221;0&#8243; global_colors_info=&#8221;{}&#8221; sticky_enabled=&#8221;0&#8243;]<\/p>\n<p><span data-contrast=\"none\">Som psykoterapeut og coach, har jeg et ansvar for at varetage mine klienters bedste. P\u00e5 samme m\u00e5de, er der en nogle etiske retningslinjer, som jeg er underlagt. Den nok allervigtigste er min tavshedspligt. N\u00e5r du g\u00e5r i gang eller starter et forl\u00f8b hos mig, kan du v\u00e6re sikker p\u00e5, at alt der bliver sagt i terapirummet, bliver imellem os.<\/span><span data-ccp-props=\"{&quot;335559739&quot;:360}\">\u00a0<\/span><\/p>\n<p><span data-contrast=\"none\">Hvis du ikke har mulighed for at komme til den bestilte tid, er det meget vigtigt, at du melder afbud i tide. Du kan melde afbud pr. telefon, mail eller SMS. Husk at du skal melde afbud<\/span><span>\u00a0<br \/><\/span><span data-contrast=\"none\">senest kl. 16. dagen f\u00f8r din tid.<\/span><span>\u00a0<br \/><\/span><span data-contrast=\"none\">Ved afbud efter kl. 16 dagen f\u00f8r opkr\u00e6ves fuldt honorar.<\/span><span data-ccp-props=\"{&quot;335559739&quot;:360}\">\u00a0<\/span><\/p>\n<p>[\/et_pb_text][\/et_pb_column][\/et_pb_row][\/et_pb_section]<\/p>\n","protected":false},"excerpt":{"rendered":"<p>Som psykoterapeut og coach, har jeg et ansvar for at varetage mine klienters bedste. P\u00e5 samme m\u00e5de, er der en nogle etiske retningslinjer, som jeg er underlagt. Den nok allervigtigste er min tavshedspligt. N\u00e5r du g\u00e5r i gang eller starter et forl\u00f8b hos mig, kan du v\u00e6re sikker p\u00e5, at alt der bliver sagt i [&hellip;]<\/p>\n","protected":false},"author":1,"featured_media":0,"parent":0,"menu_order":0,"comment_status":"closed","ping_status":"closed","template":"","meta":{"_et_pb_use_builder":"on","_et_pb_old_content":"","_et_gb_content_width":"","footnotes":""},"class_list":["post-993","page","type-page","status-publish","hentry"],"_links":{"self":[{"href":"https:\/\/lisbethhald.dk\/index.php?rest_route=\/wp\/v2\/pages\/993","targetHints":{"allow":["GET"]}}],"collection":[{"href":"https:\/\/lisbethhald.dk\/index.php?rest_route=\/wp\/v2\/pages"}],"about":[{"href":"https:\/\/lisbethhald.dk\/index.php?rest_route=\/wp\/v2\/types\/page"}],"author":[{"embeddable":true,"href":"https:\/\/lisbethhald.dk\/index.php?rest_route=\/wp\/v2\/users\/1"}],"replies":[{"embeddable":true,"href":"https:\/\/lisbethhald.dk\/index.php?rest_route=%2Fwp%2Fv2%2Fcomments&post=993"}],"version-history":[{"count":3,"href":"https:\/\/lisbethhald.dk\/index.php?rest_route=\/wp\/v2\/pages\/993\/revisions"}],"predecessor-version":[{"id":996,"href":"https:\/\/lisbethhald.dk\/index.php?rest_route=\/wp\/v2\/pages\/993\/revisions\/996"}],"wp:attachment":[{"href":"https:\/\/lisbethhald.dk\/index.php?rest_route=%2Fwp%2Fv2%2Fmedia&parent=993"}],"curies":[{"name":"wp","href":"https:\/\/api.w.org\/{rel}","templated":true}]}}