{"id":471,"date":"2022-01-29T10:29:18","date_gmt":"2022-01-29T09:29:18","guid":{"rendered":"https:\/\/lisbethhald.dk\/?page_id=471"},"modified":"2025-11-19T09:37:20","modified_gmt":"2025-11-19T08:37:20","slug":"psykoterapeut","status":"publish","type":"page","link":"https:\/\/lisbethhald.dk\/","title":{"rendered":"Psykoterapeut"},"content":{"rendered":"<p>[et_pb_section fb_built=&#8221;1&#8243; _builder_version=&#8221;4.16&#8243; _module_preset=&#8221;default&#8221; custom_margin=&#8221;||-40px|||&#8221; global_colors_info=&#8221;{}&#8221;][et_pb_row column_structure=&#8221;3_4,1_4&#8243; _builder_version=&#8221;4.16&#8243; _module_preset=&#8221;default&#8221; global_colors_info=&#8221;{}&#8221;][et_pb_column type=&#8221;3_4&#8243; _builder_version=&#8221;4.16&#8243; _module_preset=&#8221;default&#8221; global_colors_info=&#8221;{}&#8221;][et_pb_slider show_content_on_mobile=&#8221;off&#8221; show_cta_on_mobile=&#8221;off&#8221; disabled_on=&#8221;on|off|off&#8221; _builder_version=&#8221;4.27.4&#8243; _module_preset=&#8221;default&#8221; body_font=&#8221;|700|||||||&#8221; body_text_color=&#8221;#edf000&#8243; custom_button=&#8221;on&#8221; button_text_color=&#8221;#EDF000&#8243; button_bg_color=&#8221;RGBA(255,255,255,0)&#8221; hover_enabled=&#8221;0&#8243; border_color_all=&#8221;#879828&#8243; box_shadow_style=&#8221;preset2&#8243; global_colors_info=&#8221;{}&#8221; sticky_enabled=&#8221;0&#8243;][et_pb_slide heading=&#8221;Psykoterapi i Thy og p\u00e5 Mors&#8221; _builder_version=&#8221;4.27.4&#8243; _module_preset=&#8221;default&#8221; header_level=&#8221;h1&#8243; header_font=&#8221;Baloo Chettan 2||||||||&#8221; header_text_align=&#8221;right&#8221; body_font=&#8221;||||||||&#8221; body_font_size=&#8221;22px&#8221; background_image=&#8221;https:\/\/lisbethhald.dk\/wp-content\/uploads\/2022\/01\/baggrund_lh_2.jpg&#8221; background_enable_image=&#8221;on&#8221; custom_button=&#8221;on&#8221; button_text_size=&#8221;15px&#8221; button_text_color=&#8221;#FFFFFF&#8221; button_bg_color=&#8221;#879828&#8243; button_border_width=&#8221;0px&#8221; button_border_radius=&#8221;28px&#8221; button_letter_spacing=&#8221;0px&#8221; button_font=&#8221;Arimo||||||||&#8221; button_icon=&#8221;&#xf4c4;||fa||900&#8243; button_alignment=&#8221;right&#8221; text_orientation=&#8221;right&#8221; link_option_url=&#8221;#&#8221; hover_enabled=&#8221;0&#8243; header_text_shadow_style=&#8221;preset1&#8243; box_shadow_style_button=&#8221;preset2&#8243; global_colors_info=&#8221;{}&#8221; sticky_transition=&#8221;on&#8221; button_text=&#8221;Kontakt&#8221; _dynamic_attributes=&#8221;button_link&#8221; button_link=&#8221;@ET-DC@eyJkeW5hbWljIjp0cnVlLCJjb250ZW50IjoicG9zdF9saW5rX3VybF9wYWdlIiwic2V0dGluZ3MiOnsicG9zdF9pZCI6IjczNiJ9fQ==@&#8221; sticky_enabled=&#8221;0&#8243;]<\/p>\n<p>B\u00f8rneterapi<br \/>Voksen- \/ungeterapi<br \/>Supervision<\/p>\n<p>[\/et_pb_slide][\/et_pb_slider][\/et_pb_column][et_pb_column type=&#8221;1_4&#8243; _builder_version=&#8221;4.16&#8243; _module_preset=&#8221;default&#8221; global_colors_info=&#8221;{}&#8221;][et_pb_image src=&#8221;https:\/\/lisbethhald.dk\/wp-content\/uploads\/2023\/02\/LH_2115_02.png&#8221; title_text=&#8221;LH_2115_02&#8243; align=&#8221;center&#8221; _builder_version=&#8221;4.27.4&#8243; _module_preset=&#8221;default&#8221; max_height=&#8221;389px&#8221; border_color_all=&#8221;#879828&#8243; box_shadow_style=&#8221;preset2&#8243; global_colors_info=&#8221;{}&#8221;][\/et_pb_image][et_pb_text _builder_version=&#8221;4.27.4&#8243; _module_preset=&#8221;default&#8221; border_width_bottom=&#8221;3px&#8221; border_color_bottom=&#8221;#879828&#8243; global_colors_info=&#8221;{}&#8221;]<\/p>\n<p style=\"text-align: center;\">Integreret Psykoterapeut MPF<br \/><strong>Lisbeth Hald<\/strong><\/p>\n<p style=\"text-align: center;\"><strong>tlf.\/sms: 42 32 00 13<\/strong><\/p>\n<p>[\/et_pb_text][\/et_pb_column][\/et_pb_row][\/et_pb_section][et_pb_section fb_built=&#8221;1&#8243; _builder_version=&#8221;4.16&#8243; _module_preset=&#8221;default&#8221; background_color=&#8221;#ededed&#8221; custom_padding=&#8221;||0px|||&#8221; global_colors_info=&#8221;{}&#8221;][et_pb_row _builder_version=&#8221;4.16&#8243; _module_preset=&#8221;default&#8221; global_colors_info=&#8221;{}&#8221;][et_pb_column type=&#8221;4_4&#8243; _builder_version=&#8221;4.16&#8243; _module_preset=&#8221;default&#8221; global_colors_info=&#8221;{}&#8221;][\/et_pb_column][\/et_pb_row][\/et_pb_section][et_pb_section fb_built=&#8221;1&#8243; _builder_version=&#8221;4.16&#8243; _module_preset=&#8221;default&#8221; background_color=&#8221;#FFFFFF&#8221; background_image=&#8221;https:\/\/lisbethhald.dk\/wp-content\/uploads\/2022\/01\/slo_baggrund_lh_2.png&#8221; global_colors_info=&#8221;{}&#8221;][et_pb_row _builder_version=&#8221;4.16&#8243; _module_preset=&#8221;default&#8221; global_colors_info=&#8221;{}&#8221;][et_pb_column type=&#8221;4_4&#8243; _builder_version=&#8221;4.16&#8243; _module_preset=&#8221;default&#8221; global_colors_info=&#8221;{}&#8221;][et_pb_cta button_url=&#8221;@ET-DC@eyJkeW5hbWljIjp0cnVlLCJjb250ZW50IjoicG9zdF9saW5rX3VybF9wYWdlIiwic2V0dGluZ3MiOnsicG9zdF9pZCI6Ijc1OSJ9fQ==@&#8221; button_text=&#8221;@ET-DC@eyJkeW5hbWljIjp0cnVlLCJjb250ZW50IjoicG9zdF9saW5rIiwic2V0dGluZ3MiOnsiYmVmb3JlIjoiIiwiYWZ0ZXIiOiIiLCJ0ZXh0IjoiY3VzdG9tIiwiY3VzdG9tX3RleHQiOiJLbGllbnRlcm5lIHNpZ2VyIn19@&#8221; _builder_version=&#8221;4.16&#8243; _dynamic_attributes=&#8221;link_option_url,button_url,button_text&#8221; _module_preset=&#8221;default&#8221; body_text_align=&#8221;center&#8221; body_font_size=&#8221;21px&#8221; body_letter_spacing=&#8221;2px&#8221; body_line_height=&#8221;1.8em&#8221; custom_button=&#8221;on&#8221; button_text_color=&#8221;#FFFFFF&#8221; button_bg_color=&#8221;RGBA(255,255,255,0)&#8221; button_alignment=&#8221;center&#8221; custom_margin=&#8221;0px|||0px|false|false&#8221; custom_padding=&#8221;|15px||15px|false|false&#8221; link_option_url=&#8221;@ET-DC@eyJkeW5hbWljIjp0cnVlLCJjb250ZW50IjoicG9zdF9saW5rX3VybF9wYWdlIiwic2V0dGluZ3MiOnsicG9zdF9pZCI6Ijc1OSJ9fQ==@&#8221; border_radii=&#8221;on|15px|15px|15px|15px&#8221; global_colors_info=&#8221;{}&#8221;]<\/p>\n<p style=\"text-align: center;\">\u201dJeg gik og tumlede med nogle ting i mit liv.<\/p>\n<p style=\"text-align: center;\">Trist. Vred. Fortabt. Fortvivlet.<br \/>St\u00f8dte j\u00e6vnligt p\u00e5 konflikter i hjemmet og p\u00e5 arbejdspladsen.<\/p>\n<p style=\"text-align: center;\">Lisbeth Hald hjalp mig med at hele gammel smerte og forst\u00e5 mine reaktioner.<\/p>\n<p style=\"text-align: center;\">Smerten og fortvivlelsen er fordampet.<\/p>\n<p style=\"text-align: center;\">Jeg er gladere og reagerer hensigtsm\u00e6ssigt i hjemmet og p\u00e5 arbejdspladsen, s\u00e5 jeg betyder noget godt for mine omgivelser.\u201d<\/p>\n<p>[\/et_pb_cta][\/et_pb_column][\/et_pb_row][\/et_pb_section]<\/p>\n","protected":false},"excerpt":{"rendered":"<p>B\u00f8rneterapiVoksen- \/ungeterapiSupervisionIntegreret Psykoterapeut MPFLisbeth Hald tlf.\/sms: 42 32 00 13\u201dJeg gik og tumlede med nogle ting i mit liv. Trist. Vred. Fortabt. Fortvivlet.St\u00f8dte j\u00e6vnligt p\u00e5 konflikter i hjemmet og p\u00e5 arbejdspladsen. Lisbeth Hald hjalp mig med at hele gammel smerte og forst\u00e5 mine reaktioner. Smerten og fortvivlelsen er fordampet. Jeg er gladere og reagerer hensigtsm\u00e6ssigt [&hellip;]<\/p>\n","protected":false},"author":2,"featured_media":0,"parent":0,"menu_order":0,"comment_status":"closed","ping_status":"closed","template":"","meta":{"_et_pb_use_builder":"on","_et_pb_old_content":"","_et_gb_content_width":"","footnotes":""},"class_list":["post-471","page","type-page","status-publish","hentry"],"_links":{"self":[{"href":"https:\/\/lisbethhald.dk\/index.php?rest_route=\/wp\/v2\/pages\/471","targetHints":{"allow":["GET"]}}],"collection":[{"href":"https:\/\/lisbethhald.dk\/index.php?rest_route=\/wp\/v2\/pages"}],"about":[{"href":"https:\/\/lisbethhald.dk\/index.php?rest_route=\/wp\/v2\/types\/page"}],"author":[{"embeddable":true,"href":"https:\/\/lisbethhald.dk\/index.php?rest_route=\/wp\/v2\/users\/2"}],"replies":[{"embeddable":true,"href":"https:\/\/lisbethhald.dk\/index.php?rest_route=%2Fwp%2Fv2%2Fcomments&post=471"}],"version-history":[{"count":97,"href":"https:\/\/lisbethhald.dk\/index.php?rest_route=\/wp\/v2\/pages\/471\/revisions"}],"predecessor-version":[{"id":1008,"href":"https:\/\/lisbethhald.dk\/index.php?rest_route=\/wp\/v2\/pages\/471\/revisions\/1008"}],"wp:attachment":[{"href":"https:\/\/lisbethhald.dk\/index.php?rest_route=%2Fwp%2Fv2%2Fmedia&parent=471"}],"curies":[{"name":"wp","href":"https:\/\/api.w.org\/{rel}","templated":true}]}}